{"id":17,"date":"2021-11-08T12:24:01","date_gmt":"2021-11-08T11:24:01","guid":{"rendered":"https:\/\/nk-avocat.com\/?page_id=17"},"modified":"2025-09-16T15:27:58","modified_gmt":"2025-09-16T13:27:58","slug":"accueil","status":"publish","type":"page","link":"https:\/\/nk-avocat.com\/","title":{"rendered":"Ma\u00eetre No\u00e9mie Klein"},"content":{"rendered":"\n<div class=\"wp-block-image is-style-default\"><figure class=\"aligncenter size-large is-resized\"><img loading=\"lazy\" decoding=\"async\" src=\"https:\/\/nk-avocat.com\/wp-content\/uploads\/2021\/11\/DSCF6256.jpg\" alt=\"\" class=\"wp-image-78\" width=\"236\" height=\"306\" srcset=\"https:\/\/nk-avocat.com\/wp-content\/uploads\/2021\/11\/DSCF6256.jpg 770w, https:\/\/nk-avocat.com\/wp-content\/uploads\/2021\/11\/DSCF6256-231x300.jpg 231w, https:\/\/nk-avocat.com\/wp-content\/uploads\/2021\/11\/DSCF6256-768x997.jpg 768w\" sizes=\"auto, (max-width: 236px) 100vw, 236px\" \/><\/figure><\/div>\n\n\n\n<p>Ma\u00eetre No\u00e9mie Klein, Avocate depuis 2012, est <strong>sp\u00e9cialis\u00e9e <\/strong>dans la<strong> d\u00e9fense des Victimes de dommage corporel<\/strong>.<\/p>\n\n\n\n<p>Son exp\u00e9rience professionnelle au sein de cabinets intervenant dans des dossiers de <strong>responsabilit\u00e9 m\u00e9dicale<\/strong> et ses ann\u00e9es pass\u00e9es \u00e0 travailler en collaboration avec Ma\u00eetre Claudine Bernfeld lui ont permis de d\u00e9velopper et d\u2019approfondir ses connaissances en mati\u00e8re de r\u00e9paration du dommage corporel.<\/p>\n\n\n\n<p>Elle a compl\u00e9t\u00e9 sa formation en obtenant un dipl\u00f4me universitaire consacr\u00e9 au <strong>traumatisme cr\u00e2nien<\/strong> de l\u2019enfant et de l\u2018adolescent ainsi qu\u2019au syndrome du b\u00e9b\u00e9 secou\u00e9.<\/p>\n\n\n\n<p>Elle a ensuite obtenu son certificat de sp\u00e9cialisation en dommage corporel et est devenue membre de l&rsquo;<strong>ANADAVI<\/strong>, association regroupant des Avocats sp\u00e9cialis\u00e9s en droit du dommage corporel et comp\u00e9tents en droit de la responsabilit\u00e9, qui s&rsquo;engagent \u00e0 ne d\u00e9fendre que les Victimes.<\/p>\n\n\n\n<p class=\"has-black-color has-text-color\">Ses interventions,&nbsp;<strong>exclusivement consacr\u00e9es \u00e0 la d\u00e9fense des Victimes<\/strong>, peuvent aussi bien concerner des contentieux p\u00e9naux, civils et administratifs, qu\u2019il s\u2019agisse d\u2019<strong>accidents de la circulation<\/strong>, <strong>d\u2019accidents m\u00e9dicaux, d\u2019accidents de la vie courante ou encore de violences volontaires ou involontaires<\/strong>&#8230;.etc<\/p>\n\n\n\n<p><strong>Qu\u2019est-ce que le droit du dommage corporel&nbsp;?<\/strong><\/p>\n\n\n\n<p>Il s\u2019agit d\u2019une atteinte plus ou moins grave au corps d\u2019une victime commise \u00e0 l\u2019occasion d\u2019un fait volontaire ou d\u2019un fait involontaire.<\/p>\n\n\n\n<p>Il peut aussi bien s\u2019agir d\u2019une atteinte \u00e0 l\u2019int\u00e9grit\u00e9 physique de la personne qu\u2019\u00e0 son int\u00e9grit\u00e9 psychique.&nbsp;<\/p>\n\n\n\n<p>Afin qu\u2019un dommage corporel donne lieu \u00e0 une indemnisation, il est indispensable que la victime prouve l\u2019existence d\u2019un lien de causalit\u00e9 entre son dommage et le fait g\u00e9n\u00e9rateur de celui-ci.<\/p>\n\n\n\n<p>C\u2019est uniquement \u00e0 cette condition que le dommage affectant la vie d\u2019une victime, d\u00e9compos\u00e9 en postes de pr\u00e9judice m\u00e9dicalement \u00e9tabli, pourra faire l\u2019objet d\u2019une r\u00e9paration p\u00e9cuniaire<\/p>\n\n\n\n<p>Le droit du dommage corporel est d\u00e9sormais une sp\u00e9cialit\u00e9 reconnue, au sein de laquelle convergent diff\u00e9rents domaines du droit (droit civil, droit p\u00e9nal, droit administratif, de la consommation, de la circulation\u2026etc)<\/p>\n\n\n\n<p><\/p>\n","protected":false},"excerpt":{"rendered":"<p>Ma\u00eetre No\u00e9mie Klein, Avocate depuis 2012, est sp\u00e9cialis\u00e9e dans la d\u00e9fense des Victimes de dommage corporel. Son exp\u00e9rience professionnelle au sein de cabinets intervenant dans des dossiers de responsabilit\u00e9 m\u00e9dicale et ses ann\u00e9es pass\u00e9es \u00e0 travailler en collaboration avec Ma\u00eetre Claudine Bernfeld lui ont permis de d\u00e9velopper et d\u2019approfondir ses connaissances en mati\u00e8re de r\u00e9paration &hellip; <\/p>\n<p class=\"link-more\"><a href=\"https:\/\/nk-avocat.com\/\" class=\"more-link\">Continuer la lecture<span class=\"screen-reader-text\"> de &laquo;&nbsp;Ma\u00eetre No\u00e9mie Klein&nbsp;&raquo;<\/span><\/a><\/p>\n","protected":false},"author":1,"featured_media":0,"parent":0,"menu_order":0,"comment_status":"closed","ping_status":"closed","template":"","meta":{"footnotes":""},"class_list":["post-17","page","type-page","status-publish","hentry"],"yoast_head":"<!-- This site is optimized with the Yoast SEO plugin v18.2 - https:\/\/yoast.com\/wordpress\/plugins\/seo\/ -->\n<title>Ma\u00eetre No\u00e9mie Klein - NK AVOCAT<\/title>\n<meta name=\"robots\" content=\"index, follow, max-snippet:-1, max-image-preview:large, max-video-preview:-1\" \/>\n<link rel=\"canonical\" href=\"https:\/\/nk-avocat.com\/\" \/>\n<meta property=\"og:locale\" content=\"fr_FR\" \/>\n<meta property=\"og:type\" content=\"article\" \/>\n<meta property=\"og:title\" content=\"Ma\u00eetre No\u00e9mie Klein - NK AVOCAT\" \/>\n<meta property=\"og:description\" content=\"Ma\u00eetre No\u00e9mie Klein, Avocate depuis 2012, est sp\u00e9cialis\u00e9e dans la d\u00e9fense des Victimes de dommage corporel. Son exp\u00e9rience professionnelle au sein de cabinets intervenant dans des dossiers de responsabilit\u00e9 m\u00e9dicale et ses ann\u00e9es pass\u00e9es \u00e0 travailler en collaboration avec Ma\u00eetre Claudine Bernfeld lui ont permis de d\u00e9velopper et d\u2019approfondir ses connaissances en mati\u00e8re de r\u00e9paration &hellip; Continuer la lecture de &laquo;&nbsp;Ma\u00eetre No\u00e9mie Klein&nbsp;&raquo;\" \/>\n<meta property=\"og:url\" content=\"https:\/\/nk-avocat.com\/\" \/>\n<meta property=\"og:site_name\" content=\"NK AVOCAT\" \/>\n<meta property=\"article:modified_time\" content=\"2025-09-16T13:27:58+00:00\" \/>\n<meta property=\"og:image\" content=\"https:\/\/nk-avocat.com\/wp-content\/uploads\/2021\/11\/DSCF6256.jpg\" \/>\n<meta name=\"twitter:card\" content=\"summary_large_image\" \/>\n<meta name=\"twitter:label1\" content=\"Dur\u00e9e de lecture estim\u00e9e\" \/>\n\t<meta name=\"twitter:data1\" content=\"2 minutes\" \/>\n<script type=\"application\/ld+json\" class=\"yoast-schema-graph\">{\"@context\":\"https:\/\/schema.org\",\"@graph\":[{\"@type\":\"WebSite\",\"@id\":\"https:\/\/nk-avocat.com\/#website\",\"url\":\"https:\/\/nk-avocat.com\/\",\"name\":\"NK AVOCAT\",\"description\":\"Cabinet sp\u00e9cialis\u00e9 dans la d\u00e9fense des victimes de dommage corporel\",\"potentialAction\":[{\"@type\":\"SearchAction\",\"target\":{\"@type\":\"EntryPoint\",\"urlTemplate\":\"https:\/\/nk-avocat.com\/?s={search_term_string}\"},\"query-input\":\"required name=search_term_string\"}],\"inLanguage\":\"fr-FR\"},{\"@type\":\"ImageObject\",\"@id\":\"https:\/\/nk-avocat.com\/#primaryimage\",\"inLanguage\":\"fr-FR\",\"url\":\"https:\/\/nk-avocat.com\/wp-content\/uploads\/2021\/11\/DSCF6256.jpg\",\"contentUrl\":\"https:\/\/nk-avocat.com\/wp-content\/uploads\/2021\/11\/DSCF6256.jpg\",\"width\":770,\"height\":1000},{\"@type\":\"WebPage\",\"@id\":\"https:\/\/nk-avocat.com\/#webpage\",\"url\":\"https:\/\/nk-avocat.com\/\",\"name\":\"Ma\u00eetre No\u00e9mie Klein - NK AVOCAT\",\"isPartOf\":{\"@id\":\"https:\/\/nk-avocat.com\/#website\"},\"primaryImageOfPage\":{\"@id\":\"https:\/\/nk-avocat.com\/#primaryimage\"},\"datePublished\":\"2021-11-08T11:24:01+00:00\",\"dateModified\":\"2025-09-16T13:27:58+00:00\",\"breadcrumb\":{\"@id\":\"https:\/\/nk-avocat.com\/#breadcrumb\"},\"inLanguage\":\"fr-FR\",\"potentialAction\":[{\"@type\":\"ReadAction\",\"target\":[\"https:\/\/nk-avocat.com\/\"]}]},{\"@type\":\"BreadcrumbList\",\"@id\":\"https:\/\/nk-avocat.com\/#breadcrumb\",\"itemListElement\":[{\"@type\":\"ListItem\",\"position\":1,\"name\":\"Accueil\",\"item\":\"https:\/\/nk-avocat.com\/\"},{\"@type\":\"ListItem\",\"position\":2,\"name\":\"Ma\u00eetre No\u00e9mie Klein\"}]}]}<\/script>\n<!-- \/ Yoast SEO plugin. -->","yoast_head_json":{"title":"Ma\u00eetre No\u00e9mie Klein - NK AVOCAT","robots":{"index":"index","follow":"follow","max-snippet":"max-snippet:-1","max-image-preview":"max-image-preview:large","max-video-preview":"max-video-preview:-1"},"canonical":"https:\/\/nk-avocat.com\/","og_locale":"fr_FR","og_type":"article","og_title":"Ma\u00eetre No\u00e9mie Klein - NK AVOCAT","og_description":"Ma\u00eetre No\u00e9mie Klein, Avocate depuis 2012, est sp\u00e9cialis\u00e9e dans la d\u00e9fense des Victimes de dommage corporel. Son exp\u00e9rience professionnelle au sein de cabinets intervenant dans des dossiers de responsabilit\u00e9 m\u00e9dicale et ses ann\u00e9es pass\u00e9es \u00e0 travailler en collaboration avec Ma\u00eetre Claudine Bernfeld lui ont permis de d\u00e9velopper et d\u2019approfondir ses connaissances en mati\u00e8re de r\u00e9paration &hellip; Continuer la lecture de &laquo;&nbsp;Ma\u00eetre No\u00e9mie Klein&nbsp;&raquo;","og_url":"https:\/\/nk-avocat.com\/","og_site_name":"NK AVOCAT","article_modified_time":"2025-09-16T13:27:58+00:00","og_image":[{"url":"https:\/\/nk-avocat.com\/wp-content\/uploads\/2021\/11\/DSCF6256.jpg"}],"twitter_card":"summary_large_image","twitter_misc":{"Dur\u00e9e de lecture estim\u00e9e":"2 minutes"},"schema":{"@context":"https:\/\/schema.org","@graph":[{"@type":"WebSite","@id":"https:\/\/nk-avocat.com\/#website","url":"https:\/\/nk-avocat.com\/","name":"NK AVOCAT","description":"Cabinet sp\u00e9cialis\u00e9 dans la d\u00e9fense des victimes de dommage corporel","potentialAction":[{"@type":"SearchAction","target":{"@type":"EntryPoint","urlTemplate":"https:\/\/nk-avocat.com\/?s={search_term_string}"},"query-input":"required name=search_term_string"}],"inLanguage":"fr-FR"},{"@type":"ImageObject","@id":"https:\/\/nk-avocat.com\/#primaryimage","inLanguage":"fr-FR","url":"https:\/\/nk-avocat.com\/wp-content\/uploads\/2021\/11\/DSCF6256.jpg","contentUrl":"https:\/\/nk-avocat.com\/wp-content\/uploads\/2021\/11\/DSCF6256.jpg","width":770,"height":1000},{"@type":"WebPage","@id":"https:\/\/nk-avocat.com\/#webpage","url":"https:\/\/nk-avocat.com\/","name":"Ma\u00eetre No\u00e9mie Klein - NK AVOCAT","isPartOf":{"@id":"https:\/\/nk-avocat.com\/#website"},"primaryImageOfPage":{"@id":"https:\/\/nk-avocat.com\/#primaryimage"},"datePublished":"2021-11-08T11:24:01+00:00","dateModified":"2025-09-16T13:27:58+00:00","breadcrumb":{"@id":"https:\/\/nk-avocat.com\/#breadcrumb"},"inLanguage":"fr-FR","potentialAction":[{"@type":"ReadAction","target":["https:\/\/nk-avocat.com\/"]}]},{"@type":"BreadcrumbList","@id":"https:\/\/nk-avocat.com\/#breadcrumb","itemListElement":[{"@type":"ListItem","position":1,"name":"Accueil","item":"https:\/\/nk-avocat.com\/"},{"@type":"ListItem","position":2,"name":"Ma\u00eetre No\u00e9mie Klein"}]}]}},"_links":{"self":[{"href":"https:\/\/nk-avocat.com\/index.php\/wp-json\/wp\/v2\/pages\/17","targetHints":{"allow":["GET"]}}],"collection":[{"href":"https:\/\/nk-avocat.com\/index.php\/wp-json\/wp\/v2\/pages"}],"about":[{"href":"https:\/\/nk-avocat.com\/index.php\/wp-json\/wp\/v2\/types\/page"}],"author":[{"embeddable":true,"href":"https:\/\/nk-avocat.com\/index.php\/wp-json\/wp\/v2\/users\/1"}],"replies":[{"embeddable":true,"href":"https:\/\/nk-avocat.com\/index.php\/wp-json\/wp\/v2\/comments?post=17"}],"version-history":[{"count":14,"href":"https:\/\/nk-avocat.com\/index.php\/wp-json\/wp\/v2\/pages\/17\/revisions"}],"predecessor-version":[{"id":279,"href":"https:\/\/nk-avocat.com\/index.php\/wp-json\/wp\/v2\/pages\/17\/revisions\/279"}],"wp:attachment":[{"href":"https:\/\/nk-avocat.com\/index.php\/wp-json\/wp\/v2\/media?parent=17"}],"curies":[{"name":"wp","href":"https:\/\/api.w.org\/{rel}","templated":true}]}}