{"id":39,"date":"2021-11-08T12:33:07","date_gmt":"2021-11-08T11:33:07","guid":{"rendered":"https:\/\/nk-avocat.com\/?page_id=39"},"modified":"2021-11-08T12:58:14","modified_gmt":"2021-11-08T11:58:14","slug":"domaines-dintervention","status":"publish","type":"page","link":"https:\/\/nk-avocat.com\/index.php\/domaines-dintervention\/","title":{"rendered":"Domaines d&rsquo;intervention"},"content":{"rendered":"\n<p><strong>Les domaines d\u2019intervention du cabinet sont nombreux&nbsp;<\/strong>::<\/p>\n\n\n\n<p>\u2013 Les&nbsp;<strong>accidents de la circulation&nbsp;<\/strong>dont les accidents de trajet, les accidents impliquant des v\u00e9los, trottinettes \u00e9lectriques\u2026<\/p>\n\n\n\n<p>\u2013 Les&nbsp;<strong>accidents m\u00e9dicaux<\/strong>&nbsp;avec ou sans faute les accidents et catastrophes collectifs<\/p>\n\n\n\n<p>\u2013 Les&nbsp;<strong>atteintes \u00e0 l\u2019int\u00e9grit\u00e9 physique et\/ou psychique<\/strong>&nbsp;commises \u00e0 l\u2019occasion d\u2019une infraction d\u00e9lictuelle criminelle (violences involontaires, violences volontaires, attentats, traite des \u00eatres humains\u2026etc)<\/p>\n\n\n\n<p>\u2013 Les&nbsp;<strong>accidents de la vie<\/strong>&nbsp;(chutes de personnes ou d\u2019objets, morsures d\u2019animaux\u2026etc)<\/p>\n\n\n\n<p>\u2013 Les&nbsp;<strong>accidents sportifs<\/strong><\/p>\n\n\n\n<p>Ma\u00eetre No\u00e9mie Klein accompagne les victimes non seulement dans la r\u00e9paration de leurs pr\u00e9judices mais aussi dans tous les aspects relevant notamment de la proc\u00e9dure p\u00e9nale.<\/p>\n","protected":false},"excerpt":{"rendered":"<p>Les domaines d\u2019intervention du cabinet sont nombreux&nbsp;:: \u2013 Les&nbsp;accidents de la circulation&nbsp;dont les accidents de trajet, les accidents impliquant des v\u00e9los, trottinettes \u00e9lectriques\u2026 \u2013 Les&nbsp;accidents m\u00e9dicaux&nbsp;avec ou sans faute les accidents et catastrophes collectifs \u2013 Les&nbsp;atteintes \u00e0 l\u2019int\u00e9grit\u00e9 physique et\/ou psychique&nbsp;commises \u00e0 l\u2019occasion d\u2019une infraction d\u00e9lictuelle criminelle (violences involontaires, violences volontaires, attentats, traite des \u00eatres &hellip; <\/p>\n<p class=\"link-more\"><a href=\"https:\/\/nk-avocat.com\/index.php\/domaines-dintervention\/\" class=\"more-link\">Continuer la lecture<span class=\"screen-reader-text\"> de &laquo;&nbsp;Domaines d&rsquo;intervention&nbsp;&raquo;<\/span><\/a><\/p>\n","protected":false},"author":1,"featured_media":0,"parent":0,"menu_order":0,"comment_status":"closed","ping_status":"closed","template":"","meta":{"footnotes":""},"class_list":["post-39","page","type-page","status-publish","hentry"],"yoast_head":"<!-- This site is optimized with the Yoast SEO plugin v18.2 - https:\/\/yoast.com\/wordpress\/plugins\/seo\/ -->\n<title>Domaines d&#039;intervention - NK AVOCAT<\/title>\n<meta name=\"robots\" content=\"index, follow, max-snippet:-1, max-image-preview:large, max-video-preview:-1\" \/>\n<link rel=\"canonical\" href=\"https:\/\/nk-avocat.com\/index.php\/domaines-dintervention\/\" \/>\n<meta property=\"og:locale\" content=\"fr_FR\" \/>\n<meta property=\"og:type\" content=\"article\" \/>\n<meta property=\"og:title\" content=\"Domaines d&#039;intervention - NK AVOCAT\" \/>\n<meta property=\"og:description\" content=\"Les domaines d\u2019intervention du cabinet sont nombreux&nbsp;:: \u2013 Les&nbsp;accidents de la circulation&nbsp;dont les accidents de trajet, les accidents impliquant des v\u00e9los, trottinettes \u00e9lectriques\u2026 \u2013 Les&nbsp;accidents m\u00e9dicaux&nbsp;avec ou sans faute les accidents et catastrophes collectifs \u2013 Les&nbsp;atteintes \u00e0 l\u2019int\u00e9grit\u00e9 physique et\/ou psychique&nbsp;commises \u00e0 l\u2019occasion d\u2019une infraction d\u00e9lictuelle criminelle (violences involontaires, violences volontaires, attentats, traite des \u00eatres &hellip; Continuer la lecture de &laquo;&nbsp;Domaines d&rsquo;intervention&nbsp;&raquo;\" \/>\n<meta property=\"og:url\" content=\"https:\/\/nk-avocat.com\/index.php\/domaines-dintervention\/\" \/>\n<meta property=\"og:site_name\" content=\"NK AVOCAT\" \/>\n<meta property=\"article:modified_time\" content=\"2021-11-08T11:58:14+00:00\" \/>\n<meta name=\"twitter:card\" content=\"summary_large_image\" \/>\n<meta name=\"twitter:label1\" content=\"Dur\u00e9e de lecture estim\u00e9e\" \/>\n\t<meta name=\"twitter:data1\" content=\"1 minute\" \/>\n<script type=\"application\/ld+json\" class=\"yoast-schema-graph\">{\"@context\":\"https:\/\/schema.org\",\"@graph\":[{\"@type\":\"WebSite\",\"@id\":\"https:\/\/nk-avocat.com\/#website\",\"url\":\"https:\/\/nk-avocat.com\/\",\"name\":\"NK AVOCAT\",\"description\":\"Cabinet sp\u00e9cialis\u00e9 dans la d\u00e9fense des victimes de dommage corporel\",\"potentialAction\":[{\"@type\":\"SearchAction\",\"target\":{\"@type\":\"EntryPoint\",\"urlTemplate\":\"https:\/\/nk-avocat.com\/?s={search_term_string}\"},\"query-input\":\"required name=search_term_string\"}],\"inLanguage\":\"fr-FR\"},{\"@type\":\"WebPage\",\"@id\":\"https:\/\/nk-avocat.com\/index.php\/domaines-dintervention\/#webpage\",\"url\":\"https:\/\/nk-avocat.com\/index.php\/domaines-dintervention\/\",\"name\":\"Domaines d'intervention - NK AVOCAT\",\"isPartOf\":{\"@id\":\"https:\/\/nk-avocat.com\/#website\"},\"datePublished\":\"2021-11-08T11:33:07+00:00\",\"dateModified\":\"2021-11-08T11:58:14+00:00\",\"breadcrumb\":{\"@id\":\"https:\/\/nk-avocat.com\/index.php\/domaines-dintervention\/#breadcrumb\"},\"inLanguage\":\"fr-FR\",\"potentialAction\":[{\"@type\":\"ReadAction\",\"target\":[\"https:\/\/nk-avocat.com\/index.php\/domaines-dintervention\/\"]}]},{\"@type\":\"BreadcrumbList\",\"@id\":\"https:\/\/nk-avocat.com\/index.php\/domaines-dintervention\/#breadcrumb\",\"itemListElement\":[{\"@type\":\"ListItem\",\"position\":1,\"name\":\"Accueil\",\"item\":\"https:\/\/nk-avocat.com\/\"},{\"@type\":\"ListItem\",\"position\":2,\"name\":\"Domaines d&rsquo;intervention\"}]}]}<\/script>\n<!-- \/ Yoast SEO plugin. -->","yoast_head_json":{"title":"Domaines d'intervention - NK AVOCAT","robots":{"index":"index","follow":"follow","max-snippet":"max-snippet:-1","max-image-preview":"max-image-preview:large","max-video-preview":"max-video-preview:-1"},"canonical":"https:\/\/nk-avocat.com\/index.php\/domaines-dintervention\/","og_locale":"fr_FR","og_type":"article","og_title":"Domaines d'intervention - NK AVOCAT","og_description":"Les domaines d\u2019intervention du cabinet sont nombreux&nbsp;:: \u2013 Les&nbsp;accidents de la circulation&nbsp;dont les accidents de trajet, les accidents impliquant des v\u00e9los, trottinettes \u00e9lectriques\u2026 \u2013 Les&nbsp;accidents m\u00e9dicaux&nbsp;avec ou sans faute les accidents et catastrophes collectifs \u2013 Les&nbsp;atteintes \u00e0 l\u2019int\u00e9grit\u00e9 physique et\/ou psychique&nbsp;commises \u00e0 l\u2019occasion d\u2019une infraction d\u00e9lictuelle criminelle (violences involontaires, violences volontaires, attentats, traite des \u00eatres &hellip; Continuer la lecture de &laquo;&nbsp;Domaines d&rsquo;intervention&nbsp;&raquo;","og_url":"https:\/\/nk-avocat.com\/index.php\/domaines-dintervention\/","og_site_name":"NK AVOCAT","article_modified_time":"2021-11-08T11:58:14+00:00","twitter_card":"summary_large_image","twitter_misc":{"Dur\u00e9e de lecture estim\u00e9e":"1 minute"},"schema":{"@context":"https:\/\/schema.org","@graph":[{"@type":"WebSite","@id":"https:\/\/nk-avocat.com\/#website","url":"https:\/\/nk-avocat.com\/","name":"NK AVOCAT","description":"Cabinet sp\u00e9cialis\u00e9 dans la d\u00e9fense des victimes de dommage corporel","potentialAction":[{"@type":"SearchAction","target":{"@type":"EntryPoint","urlTemplate":"https:\/\/nk-avocat.com\/?s={search_term_string}"},"query-input":"required name=search_term_string"}],"inLanguage":"fr-FR"},{"@type":"WebPage","@id":"https:\/\/nk-avocat.com\/index.php\/domaines-dintervention\/#webpage","url":"https:\/\/nk-avocat.com\/index.php\/domaines-dintervention\/","name":"Domaines d'intervention - NK AVOCAT","isPartOf":{"@id":"https:\/\/nk-avocat.com\/#website"},"datePublished":"2021-11-08T11:33:07+00:00","dateModified":"2021-11-08T11:58:14+00:00","breadcrumb":{"@id":"https:\/\/nk-avocat.com\/index.php\/domaines-dintervention\/#breadcrumb"},"inLanguage":"fr-FR","potentialAction":[{"@type":"ReadAction","target":["https:\/\/nk-avocat.com\/index.php\/domaines-dintervention\/"]}]},{"@type":"BreadcrumbList","@id":"https:\/\/nk-avocat.com\/index.php\/domaines-dintervention\/#breadcrumb","itemListElement":[{"@type":"ListItem","position":1,"name":"Accueil","item":"https:\/\/nk-avocat.com\/"},{"@type":"ListItem","position":2,"name":"Domaines d&rsquo;intervention"}]}]}},"_links":{"self":[{"href":"https:\/\/nk-avocat.com\/index.php\/wp-json\/wp\/v2\/pages\/39","targetHints":{"allow":["GET"]}}],"collection":[{"href":"https:\/\/nk-avocat.com\/index.php\/wp-json\/wp\/v2\/pages"}],"about":[{"href":"https:\/\/nk-avocat.com\/index.php\/wp-json\/wp\/v2\/types\/page"}],"author":[{"embeddable":true,"href":"https:\/\/nk-avocat.com\/index.php\/wp-json\/wp\/v2\/users\/1"}],"replies":[{"embeddable":true,"href":"https:\/\/nk-avocat.com\/index.php\/wp-json\/wp\/v2\/comments?post=39"}],"version-history":[{"count":2,"href":"https:\/\/nk-avocat.com\/index.php\/wp-json\/wp\/v2\/pages\/39\/revisions"}],"predecessor-version":[{"id":76,"href":"https:\/\/nk-avocat.com\/index.php\/wp-json\/wp\/v2\/pages\/39\/revisions\/76"}],"wp:attachment":[{"href":"https:\/\/nk-avocat.com\/index.php\/wp-json\/wp\/v2\/media?parent=39"}],"curies":[{"name":"wp","href":"https:\/\/api.w.org\/{rel}","templated":true}]}}